{"id":147,"date":"2011-05-31T20:24:16","date_gmt":"2011-05-31T20:24:16","guid":{"rendered":"http:\/\/www.semadg.com.ar\/gaby\/?page_id=147"},"modified":"2011-05-31T22:44:19","modified_gmt":"2011-05-31T22:44:19","slug":"discografia-3","status":"publish","type":"page","link":"http:\/\/www.gabrielaroldan.com.ar\/wp\/?page_id=147","title":{"rendered":"Discograf\u00eda"},"content":{"rendered":"<div class=\"disco3\">\n<div class=\"disco\">\n\t\t\t\t\t\t<img loading=\"lazy\" src=\"images\/disco2.jpg\" alt=\"\" width=\"233\" height=\"225\" border=\"0\">\n\t\t\t\t\t<\/div>\n<div class=\"disco_dato\">\n<div class=\"disco_gris\">2007<\/div>\n<div class=\"disco_azul\">Al rescate<\/div>\n<\/p><\/div>\n<div class=\"disco_linea\"> <\/div>\n<div class=\"disco_dato\">\n<div class=\"disco_gris\">CD<\/div>\n<div class=\"disco_gris\" style=\"width: 146px;\">Sello: Sonic Wave Records<\/div>\n<\/p><\/div>\n<div class=\"disco_tecnico\">\n                                                 <br \/>\n\t\t\t\t\t\tGrabados, mezclado y masterizado en estudios Sonic Wave Records<\/p>\n<p>\t\t\t\t\t\tGrabado entre los meses de enero y septiembre de 2007 \/ Santa Fe<br \/>\n\t\t\t\t\t\t<\/p>\n<p>\t\t\t\t\t\t<span class=\"bordo\"><strong>M\u00fasicos<\/strong><\/span><br \/>\n\t\t\t\t\t\tGerardo Gonz\u00e1lez en el bajo el\u00e9ctrico,<br \/>\n                                                Carlos Leguizamon en teclados y guitarra y coros<br \/>\n                                                Jos\u00e9 Luis Carnevale en primera guitarra<br \/>\n                                                Pepe D\u00edaz en la percusi\u00f3n<\/p>\n<p>\t\t\t\t\t\t<span class=\"bordo\"><strong>Invitados de lujo:<\/strong><\/span><br \/>\n\t\t\t\t\t\tCacho Hussein (guitarra)<br \/>\n                                                Marcelo Cornut (guitarra)<br \/>\n                                                Miguel Angel Morelli (voz)<br \/>\n\t\t\t\t\t\t<br \/>\n\t\t\t\t\t\tEditado por UNL y ATE\n\t\t\t\t\t<\/div>\n<\/p><\/div>\n<div id=\"disco_ficha\">\n<div class=\"disco_nro\">1<\/div>\n<div class=\"disco_pista\">La bailarina<\/div>\n<div class=\"disco_nro\">&nbsp; <\/div>\n<div class=\"disco_artistas\">(Jorge Rojas \u2013 Miguel Nogales) zamba carpera<\/div>\n<div class=\"disco_sep353\">. <\/div>\n<div class=\"disco_nro\">2<\/div>\n<div class=\"disco_pista\">De la mano<\/div>\n<div class=\"disco_nro\">&nbsp; <\/div>\n<div class=\"disco_artistas\">(O. Jimenez &#8211; C. F. Melo &#8211; J. Calandrelli) canci\u00f3n<\/div>\n<div class=\"disco_sep353\">. <\/div>\n<div class=\"disco_nro\">3<\/div>\n<div class=\"disco_pista\">La gente joven<\/div>\n<div class=\"disco_nro\">&nbsp; <\/div>\n<div class=\"disco_artistas\">(Miguel A. Morelli) chacarera<\/div>\n<div class=\"disco_sep353\"> .<\/div>\n<div class=\"disco_nro\">4<\/div>\n<div class=\"disco_pista\">No despiertes a\u00fan<\/div>\n<div class=\"disco_nro\">&nbsp; <\/div>\n<div class=\"disco_artistas\">(Kali Carabajal) zamba<\/div>\n<div class=\"disco_sep353\">. <\/div>\n<div class=\"disco_nro\">5<\/div>\n<div class=\"disco_pista\">Pescador y guitarrero<\/div>\n<div class=\"disco_nro\">&nbsp; <\/div>\n<div class=\"disco_artistas\">(Horacio Guarany) galopa<\/div>\n<div class=\"disco_sep353\">. <\/div>\n<div class=\"disco_nro\">6<\/div>\n<div class=\"disco_pista\">Mi canto es distancia<\/div>\n<div class=\"disco_nro\">&nbsp; <\/div>\n<div class=\"disco_artistas\">(Rafael Paeta-Oscar Matus) zamba<\/div>\n<div class=\"disco_sep353\">. <\/div>\n<div class=\"disco_nro\">7<\/div>\n<div class=\"disco_pista\">El cielo del alba&ntilde;il<\/div>\n<div class=\"disco_nro\">&nbsp; <\/div>\n<div class=\"disco_artistas\">(Antonio Tarrago Ros-Teresa Parodi chamam&eacute;<\/div>\n<div class=\"disco_sep353\"> .<\/div>\n<div class=\"disco_nro\">8<\/div>\n<div class=\"disco_pista\">Adi\u00f3s Nonino<\/div>\n<div class=\"disco_nro\">&nbsp; <\/div>\n<div class=\"disco_artistas\">(Astor Piazolla) tango<\/div>\n<div class=\"disco_sep353\">. <\/div>\n<div class=\"disco_nro\">9<\/div>\n<div class=\"disco_pista\">La tempranera<\/div>\n<div class=\"disco_nro\">&nbsp; <\/div>\n<div class=\"disco_artistas\">(Carlos Guastavino) zamba<\/div>\n<div class=\"disco_sep353\">. <\/div>\n<div class=\"disco_nro\">10<\/div>\n<div class=\"disco_pista\">Huay ay ay<\/div>\n<div class=\"disco_nro\">&nbsp; <\/div>\n<div class=\"disco_artistas\">(Gonzalo y Ulises Hecmosa) huayno<\/div>\n<div class=\"disco_sep353\"> .<\/div>\n<div class=\"disco_nro\">11<\/div>\n<div class=\"disco_pista\">Estralla fugaz<\/div>\n<div class=\"disco_nro\">&nbsp; <\/div>\n<div class=\"disco_artistas\">(Miguel A. Morelli) zamba<\/div>\n<div class=\"disco_sep353\">. <\/div>\n<div class=\"disco_nro\">12<\/div>\n<div class=\"disco_pista\">Selecci\u00f3n de carnavalitos<\/div>\n<div class=\"disco_nro\">&nbsp; <\/div>\n<div class=\"disco_artistas\"><strong>Vuela una l\u00e1grima<\/strong> (Jorge Rojas)<\/div>\n<div class=\"disco_nro\">&nbsp; <\/div>\n<div class=\"disco_artistas\"><strong>Ojos de cielo<\/strong> (V\u00edctor Heredia)<\/div>\n<div class=\"disco_nro\">&nbsp; <\/div>\n<div class=\"disco_artistas\"><strong>Alel\u00ed<\/strong> (V\u00edctor Heredia)<\/div>\n<div class=\"disco_nro\">&nbsp; <\/div>\n<div class=\"disco_artistas\"><strong>Sube, sube<\/strong> (V\u00edctor Heredia)<\/div>\n<div class=\"disco_sep353\">. <\/div>\n<\/p><\/div>\n","protected":false},"excerpt":{"rendered":"<p>2007 Al rescate CD Sello: Sonic Wave Records Grabados, mezclado y masterizado en estudios Sonic Wave Records Grabado entre los meses de enero y septiembre de 2007 \/ Santa Fe M\u00fasicos Gerardo Gonz\u00e1lez en el bajo el\u00e9ctrico, Carlos Leguizamon en &hellip; <\/p>\n<div style=\"padding-top: 5px;\"><a class=\"link_leermas2\" href=\"http:\/\/www.gabrielaroldan.com.ar\/wp\/?page_id=147\">Continue reading <span class=\"meta-nav\">&rarr;<\/span><\/a><\/div>\n","protected":false},"author":1,"featured_media":0,"parent":0,"menu_order":0,"comment_status":"open","ping_status":"open","template":"","meta":[],"_links":{"self":[{"href":"http:\/\/www.gabrielaroldan.com.ar\/wp\/index.php?rest_route=\/wp\/v2\/pages\/147"}],"collection":[{"href":"http:\/\/www.gabrielaroldan.com.ar\/wp\/index.php?rest_route=\/wp\/v2\/pages"}],"about":[{"href":"http:\/\/www.gabrielaroldan.com.ar\/wp\/index.php?rest_route=\/wp\/v2\/types\/page"}],"author":[{"embeddable":true,"href":"http:\/\/www.gabrielaroldan.com.ar\/wp\/index.php?rest_route=\/wp\/v2\/users\/1"}],"replies":[{"embeddable":true,"href":"http:\/\/www.gabrielaroldan.com.ar\/wp\/index.php?rest_route=%2Fwp%2Fv2%2Fcomments&post=147"}],"version-history":[{"count":9,"href":"http:\/\/www.gabrielaroldan.com.ar\/wp\/index.php?rest_route=\/wp\/v2\/pages\/147\/revisions"}],"predecessor-version":[{"id":166,"href":"http:\/\/www.gabrielaroldan.com.ar\/wp\/index.php?rest_route=\/wp\/v2\/pages\/147\/revisions\/166"}],"wp:attachment":[{"href":"http:\/\/www.gabrielaroldan.com.ar\/wp\/index.php?rest_route=%2Fwp%2Fv2%2Fmedia&parent=147"}],"curies":[{"name":"wp","href":"https:\/\/api.w.org\/{rel}","templated":true}]}}