{"id":174,"date":"2011-06-01T13:28:18","date_gmt":"2011-06-01T13:28:18","guid":{"rendered":"http:\/\/www.semadg.com.ar\/gaby\/?page_id=174"},"modified":"2016-12-20T13:37:05","modified_gmt":"2016-12-20T13:37:05","slug":"discografia-5","status":"publish","type":"page","link":"http:\/\/www.gabrielaroldan.com.ar\/wp\/?page_id=174","title":{"rendered":"Discograf\u00eda"},"content":{"rendered":"<div class=\"disco3\">\n<div class=\"disco\">\n\t\t\t\t\t\t<img loading=\"lazy\" src=\"images\/disco4.jpg\" alt=\"\" width=\"233\" height=\"225\" border=\"0\">\n\t\t\t\t\t<\/div>\n<div class=\"disco_dato2\">\n<div class=\"disco_gris2\">1984<\/div>\n<div class=\"disco_azul2\">Gabriela Rold\u00e1n y <br \/> el Grupo Ivot\u00ed<\/div>\n<\/p><\/div>\n<div class=\"disco_linea\"> <\/div>\n<div class=\"disco_dato\">\n<div class=\"disco_gris\">LP<\/div>\n<div class=\"disco_gris\" style=\"width: 146px;\">Sello: Microf\u00f3n<\/div>\n<\/p><\/div>\n<div class=\"disco_tecnico\">\n                                                 <br \/>\n\t\t\t\t\t\tGrabado y editado por Microf\u00f3n<\/p><\/div>\n<\/p><\/div>\n<div id=\"disco_ficha\">\n<div class=\"disco_nro\">1<\/div>\n<div class=\"disco_pista\">Juancho Pueblo<\/div>\n<div class=\"disco_nro\">&nbsp; <\/div>\n<div class=\"disco_artistas\">(Juan Mansilla-Angel Riquelme)<\/div>\n<div class=\"disco_sep353\">. <\/div>\n<div class=\"disco_nro\">2<\/div>\n<div class=\"disco_pista\">El cachapecero<\/div>\n<div class=\"disco_nro\">&nbsp; <\/div>\n<div class=\"disco_artistas\">(Ramon Gumercindo Cidade)<\/div>\n<div class=\"disco_sep353\">. <\/div>\n<div class=\"disco_nro\">3<\/div>\n<div class=\"disco_pista\">Canto a Rinc\u00f3n<\/div>\n<div class=\"disco_nro\">&nbsp; <\/div>\n<div class=\"disco_artistas\">(R.Zamora-Juan Mansilla)n<\/div>\n<div class=\"disco_sep353\">. <\/div>\n<div class=\"disco_nro\">4<\/div>\n<div class=\"disco_pista\">Camino a Limache<\/div>\n<div class=\"disco_nro\">&nbsp; <\/div>\n<div class=\"disco_artistas\">(Fabi\u00e1n Bel\u00e9n)<\/div>\n<div class=\"disco_sep353\">. <\/div>\n<div class=\"disco_nro\">5<\/div>\n<div class=\"disco_pista\">Al hachero chaque\u00f1o<\/div>\n<div class=\"disco_nro\">&nbsp; <\/div>\n<div class=\"disco_artistas\">(Elmar Barrientos-Rafael Zamora)<\/div>\n<div class=\"disco_sep353\">. <\/div>\n<div class=\"disco_nro\">6<\/div>\n<div class=\"disco_pista\">Mi canto agradecido<\/div>\n<div class=\"disco_nro\">&nbsp; <\/div>\n<div class=\"disco_artistas\">(Enrique Machado-Juan Mansilla)<\/div>\n<div class=\"disco_sep353\">. <\/div>\n<div class=\"disco_nro\">7<\/div>\n<div class=\"disco_pista\">Campamento litoral<\/div>\n<div class=\"disco_nro\">&nbsp; <\/div>\n<div class=\"disco_artistas\">(Gonzalo Roch-Mario Roteta)<\/div>\n<div class=\"disco_sep353\">. <\/div>\n<div class=\"disco_nro\">8<\/div>\n<div class=\"disco_pista\">Y son s\u00f3lo recuerdos<\/div>\n<div class=\"disco_nro\">&nbsp; <\/div>\n<div class=\"disco_artistas\">(Rafael Zamora-Juan Mansilla)<\/div>\n<div class=\"disco_sep353\">. <\/div>\n<div class=\"disco_nro\">9<\/div>\n<div class=\"disco_pista\">Buscando esperanza<\/div>\n<div class=\"disco_nro\">&nbsp; <\/div>\n<div class=\"disco_artistas\">(Juan Mansilla)<\/div>\n<div class=\"disco_sep353\">. <\/div>\n<\/div>\n","protected":false},"excerpt":{"rendered":"<p>1984 Gabriela Rold\u00e1n y el Grupo Ivot\u00ed LP Sello: Microf\u00f3n Grabado y editado por Microf\u00f3n 1 Juancho Pueblo &nbsp; (Juan Mansilla-Angel Riquelme) . 2 El cachapecero &nbsp; (Ramon Gumercindo Cidade) . 3 Canto a Rinc\u00f3n &nbsp; (R.Zamora-Juan Mansilla)n . 4 &hellip; <\/p>\n<div style=\"padding-top: 5px;\"><a class=\"link_leermas2\" href=\"http:\/\/www.gabrielaroldan.com.ar\/wp\/?page_id=174\">Continue reading <span class=\"meta-nav\">&rarr;<\/span><\/a><\/div>\n","protected":false},"author":1,"featured_media":0,"parent":0,"menu_order":0,"comment_status":"open","ping_status":"open","template":"","meta":[],"_links":{"self":[{"href":"http:\/\/www.gabrielaroldan.com.ar\/wp\/index.php?rest_route=\/wp\/v2\/pages\/174"}],"collection":[{"href":"http:\/\/www.gabrielaroldan.com.ar\/wp\/index.php?rest_route=\/wp\/v2\/pages"}],"about":[{"href":"http:\/\/www.gabrielaroldan.com.ar\/wp\/index.php?rest_route=\/wp\/v2\/types\/page"}],"author":[{"embeddable":true,"href":"http:\/\/www.gabrielaroldan.com.ar\/wp\/index.php?rest_route=\/wp\/v2\/users\/1"}],"replies":[{"embeddable":true,"href":"http:\/\/www.gabrielaroldan.com.ar\/wp\/index.php?rest_route=%2Fwp%2Fv2%2Fcomments&post=174"}],"version-history":[{"count":9,"href":"http:\/\/www.gabrielaroldan.com.ar\/wp\/index.php?rest_route=\/wp\/v2\/pages\/174\/revisions"}],"predecessor-version":[{"id":611,"href":"http:\/\/www.gabrielaroldan.com.ar\/wp\/index.php?rest_route=\/wp\/v2\/pages\/174\/revisions\/611"}],"wp:attachment":[{"href":"http:\/\/www.gabrielaroldan.com.ar\/wp\/index.php?rest_route=%2Fwp%2Fv2%2Fmedia&parent=174"}],"curies":[{"name":"wp","href":"https:\/\/api.w.org\/{rel}","templated":true}]}}