{"id":42,"date":"2011-05-26T19:12:00","date_gmt":"2011-05-26T19:12:00","guid":{"rendered":"http:\/\/www.semadg.com.ar\/gaby\/?page_id=42"},"modified":"2026-03-17T15:33:13","modified_gmt":"2026-03-17T15:33:13","slug":"biografia","status":"publish","type":"page","link":"http:\/\/www.gabrielaroldan.com.ar\/wp\/?page_id=42","title":{"rendered":"Biograf\u00eda"},"content":{"rendered":"\n<div class=\"ilustr_int_bio\">.<\/div>\n\n\n\n<div class=\"texto_int2\">\n<p><span class=\"copete\"><br>Gabriela Rold\u00e1n, solista y representante de la m\u00fasica del litoral de la provincia de Santa Fe.<br><\/span><br>Solista cofundadora de la Banda Sinf\u00f3nica Municipal de la Ciudad de Santa Fe en la que se desempe\u00f1\u00f3 durante m\u00e1s de 40 a\u00f1os.<\/p>\n<p>Cant\u00f3 con la Orquesta Sinf\u00f3nica Provincial de Santa Fe acompa\u00f1ada por m\u00fasicos de la jerarqu\u00eda de N\u00e9stor Marconi, Eduardo Falu, Jaime Torres, y junto a figuras del cancionero popular como Cuti y Roberto Carabajal, Le\u00f3n Gieco, Soledad, Mar\u00eda Ofelia, Orlando Vera Cruz, Miguel A. Morelli, Monchito Merlo, entre otros.<\/p>\n<p>Su primer material discogr\u00e1fico \u201cCampamento Litoral\u201d junto al Conjunto Ivot\u00ed, y editado por Microfon, fue disco de Oro.<\/p>\n<p>Posee adem\u00e1s 4 discos como solista:  <b>\u201cAl rescate\u201d, \u201cSantafesina\u201d, \u201cCostera\u201d<\/b> y el m\u00e1s reciente llamado <b>\u201cIntensa\u201d.<\/b><\/p>\n<p>Ha sido jurado en destacados cert\u00e1menes musicales y fue distinguida por la Legislatura de la Provincia de Santa Fe por su trayectoria, como as\u00ed tambi\u00e9n por el Honorable Concejo Municipal de Santa fe.<\/p>\n<p>Durante 2016 realiz\u00f3 una gira internacional como solista en pa\u00edses como Italia y Holanda.<\/p>\n<p>Fue cantante solista de la delegaci\u00f3n santafesina a Cosqu\u00edn 2017. <\/p>\n<p>Ha pisado escenarios de jerarqu\u00eda como: Festival de Doma y Folklore de Jes\u00fas Mar\u00eda, Festival Folcl\u00f3rico de Cosqu\u00edn, Festival Nacional de la M\u00fasica del Litoral y del Mercosur (Posadas, Misiones), Festival Nacional del Chamam\u00e9 de Corrientes 2025, Festival Nacional de Chamam\u00e9 de Federal 2026 Entre R\u00edos. <\/p>\n<p>Ha participado en los programas televisivos m\u00e1s importantes del g\u00e9nero folkl\u00f3rico como Ecos de mi tierra, y Argentin\u00edsima. <\/p>\n<p>Gan\u00f3 los Premios Reina del Plata, Faro de Oro, Arco de C\u00f3rdoba, Cuna de la Bandera, Santa Fe de Oro, Binacional Rio de los P\u00e1jaros y Melod\u00edas, entre otros por su labor art\u00edstica y su trayectoria musical. <\/p>\n<p>Cantante exquisita y d\u00factil capaz de abordar el g\u00e9nero folkl\u00f3rico, el litorale\u00f1o, y el tango con el mismo profesionalismo y calidez. <\/p>\n<p class=\"sep\"><\/p>\n<div class=\"bioFix\">\n<p class=\"subTitInt azul georgia\"><b>Discograf\u00eda Solista<\/b> <\/p>\n<p> <span class=\"gris georgia text15\">2007 &nbsp; <\/span><span class=\"azul georgia text15\">Al Rescate &nbsp;&nbsp; <\/span><i>Disco Full <\/i><br\/>\n<span class=\"gris georgia text15\">2011 &nbsp; <\/span>   <span class=\"azul georgia text15\">Santafesina &nbsp;&nbsp; <\/span> <i>Disco Full <\/i><br\/>\n<span class=\"gris georgia text15\">2014 &nbsp; <\/span>   <span class=\"azul georgia text15\">Costera &nbsp;&nbsp; <\/span><i>Disco Full<\/i><br\/>\n<span class=\"gris georgia text15\">2019 &nbsp; <\/span>   <span class=\"azul georgia text15\">Intensa &nbsp;&nbsp; <\/span><i>Disco Full<\/i> <br\/>\n<span class=\"gris georgia text15\">2025 &nbsp; <\/span>   <span class=\"azul georgia text15\">Plumas del Litoral &nbsp;&nbsp;<\/span> <i>  Sencillo<\/i> <br\/>\n<\/p> \n<\/div>\n<\/div>\n","protected":false},"excerpt":{"rendered":"<p>. Gabriela Rold\u00e1n, solista y representante de la m\u00fasica del litoral de la provincia de Santa Fe.Solista cofundadora de la Banda Sinf\u00f3nica Municipal de la Ciudad de Santa Fe en la que se desempe\u00f1\u00f3 durante m\u00e1s de 40 a\u00f1os. Cant\u00f3 &hellip; <\/p>\n<div style=\"padding-top: 5px;\"><a class=\"link_leermas2\" href=\"http:\/\/www.gabrielaroldan.com.ar\/wp\/?page_id=42\">Continue reading <span class=\"meta-nav\">&rarr;<\/span><\/a><\/div>\n","protected":false},"author":1,"featured_media":0,"parent":0,"menu_order":0,"comment_status":"open","ping_status":"open","template":"","meta":[],"_links":{"self":[{"href":"http:\/\/www.gabrielaroldan.com.ar\/wp\/index.php?rest_route=\/wp\/v2\/pages\/42"}],"collection":[{"href":"http:\/\/www.gabrielaroldan.com.ar\/wp\/index.php?rest_route=\/wp\/v2\/pages"}],"about":[{"href":"http:\/\/www.gabrielaroldan.com.ar\/wp\/index.php?rest_route=\/wp\/v2\/types\/page"}],"author":[{"embeddable":true,"href":"http:\/\/www.gabrielaroldan.com.ar\/wp\/index.php?rest_route=\/wp\/v2\/users\/1"}],"replies":[{"embeddable":true,"href":"http:\/\/www.gabrielaroldan.com.ar\/wp\/index.php?rest_route=%2Fwp%2Fv2%2Fcomments&post=42"}],"version-history":[{"count":56,"href":"http:\/\/www.gabrielaroldan.com.ar\/wp\/index.php?rest_route=\/wp\/v2\/pages\/42\/revisions"}],"predecessor-version":[{"id":1035,"href":"http:\/\/www.gabrielaroldan.com.ar\/wp\/index.php?rest_route=\/wp\/v2\/pages\/42\/revisions\/1035"}],"wp:attachment":[{"href":"http:\/\/www.gabrielaroldan.com.ar\/wp\/index.php?rest_route=%2Fwp%2Fv2%2Fmedia&parent=42"}],"curies":[{"name":"wp","href":"https:\/\/api.w.org\/{rel}","templated":true}]}}