{"id":56,"date":"2011-05-27T00:55:01","date_gmt":"2011-05-27T00:55:01","guid":{"rendered":"http:\/\/www.semadg.com.ar\/gaby\/?page_id=56"},"modified":"2020-04-10T16:10:11","modified_gmt":"2020-04-10T16:10:11","slug":"discografia","status":"publish","type":"page","link":"http:\/\/www.gabrielaroldan.com.ar\/wp\/?page_id=56","title":{"rendered":"Discograf\u00eda"},"content":{"rendered":"<div style=\"text-indent: -9999px; width: 500px; height: 30px;\">.<\/div>\n<div class=\"disco1\">\n<div class=\"disco\">\n\t\t\t\t\t\t<a href=\"?page_id=835\"><img loading=\"lazy\" src=\"images\/disco6.jpg\" alt=\"\" width=\"233\" height=\"225\" border=\"0\"><\/a>\n\t\t\t\t\t<\/div>\n<div class=\"disco_dato\">\n<div class=\"disco_gris\">2019<\/div>\n<div class=\"disco_azul\">Intensa<\/div>\n<\/p><\/div>\n<div class=\"disco_linea\"> <\/div>\n<div class=\"disco_dato\">\n<div class=\"disco_gris\">CD<\/div>\n<div class=\"disco_gris\" style=\"width: 146px;\"> <\/div>\n<\/p><\/div>\n<\/p><\/div>\n<div class=\"disco2\">\n<div class=\"disco\">\n\t\t\t\t\t\t<a href=\"?page_id=615\"><img loading=\"lazy\" src=\"images\/disco5.jpg\" alt=\"\" width=\"233\" height=\"225\" border=\"0\"><\/a>\n\t\t\t\t\t<\/div>\n<div class=\"disco_dato\">\n<div class=\"disco_gris\">2014<\/div>\n<div class=\"disco_azul\">Costera<\/div>\n<\/p><\/div>\n<div class=\"disco_linea\"> <\/div>\n<div class=\"disco_dato\">\n<div class=\"disco_gris\">CD<\/div>\n<div class=\"disco_gris\" style=\"width: 146px;\">Sello: Epsa Music<\/div>\n<\/p><\/div>\n<\/p><\/div>\n<div style=\"text-indent: -9999px; width: 500px; height: 30px;\">.<\/div>\n<div class=\"disco1\">\n<div class=\"disco\">\n\t\t\t\t\t\t<a href=\"?page_id=135\"><img loading=\"lazy\" src=\"images\/disco1.jpg\" alt=\"\" width=\"233\" height=\"225\" border=\"0\"><\/a>\n\t\t\t\t\t<\/div>\n<div class=\"disco_dato\">\n<div class=\"disco_gris\">2011<\/div>\n<div class=\"disco_azul\">Santafesina<\/div>\n<\/p><\/div>\n<div class=\"disco_linea\"> <\/div>\n<div class=\"disco_dato\">\n<div class=\"disco_gris\">CD<\/div>\n<div class=\"disco_gris\" style=\"width: 146px;\">Sello: Crystal Music<\/div>\n<\/p><\/div>\n<\/p><\/div>\n<div class=\"disco2\">\n<div class=\"disco\">\n\t\t\t\t\t\t<a href=\"?page_id=147\"><img loading=\"lazy\" src=\"images\/disco2.jpg\" alt=\"\" width=\"233\" height=\"225\" border=\"0\"><\/a>\n\t\t\t\t\t<\/div>\n<div class=\"disco_dato\">\n<div class=\"disco_gris\">2007<\/div>\n<div class=\"disco_azul\">Al rescate<\/div>\n<\/p><\/div>\n<div class=\"disco_linea\"> <\/div>\n<div class=\"disco_dato\">\n<div class=\"disco_gris\">CD<\/div>\n<div class=\"disco_gris\" style=\"width: 146px;\">Sello: Sonic Wave Records<\/div>\n<\/p><\/div>\n<\/p><\/div>\n<div style=\"text-indent: -9999px; width: 500px; height: 30px;\">.<\/div>\n<div class=\"disco1\">\n<div class=\"disco\">\n\t\t\t\t\t\t<a href=\"?page_id=158\"><img loading=\"lazy\" src=\"images\/disco3.jpg\" alt=\"\" width=\"233\" height=\"225\" border=\"0\"><\/a><\/p><\/div>\n<div class=\"disco_dato2\">\n<div class=\"disco_gris2\">1984<\/div>\n<div class=\"disco_azul2\">Gabriela Rold\u00e1n y <br \/> el Grupo Ivot\u00ed<\/div>\n<\/p><\/div>\n<div class=\"disco_linea\"> <\/div>\n<div class=\"disco_dato\">\n<div class=\"disco_gris\">CD<\/div>\n<div class=\"disco_gris\" style=\"width: 146px;\">Sello: Microf\u00f3n<\/div>\n<\/p><\/div>\n<\/p><\/div>\n<div class=\"disco2\">\n<div class=\"disco\">\n\t\t\t\t\t\t<a href=\"?page_id=174\"><img loading=\"lazy\" src=\"images\/disco4.jpg\" alt=\"\" width=\"233\" height=\"225\" border=\"0\"><\/a>\n\t\t\t\t\t<\/div>\n<div class=\"disco_dato2\">\n<div class=\"disco_gris2\">1984<\/div>\n<div class=\"disco_azul2\">Gabriela Rold\u00e1n y <br \/> el Grupo Ivot\u00ed<\/div>\n<\/p><\/div>\n<div class=\"disco_linea\"> <\/div>\n<div class=\"disco_dato\">\n<div class=\"disco_gris\">LP<\/div>\n<div class=\"disco_gris\" style=\"width: 146px;\">Sello: Microf\u00f3n<\/div>\n<\/p><\/div>\n<\/p><\/div>\n","protected":false},"excerpt":{"rendered":"<p>. 2019 Intensa CD 2014 Costera CD Sello: Epsa Music . 2011 Santafesina CD Sello: Crystal Music 2007 Al rescate CD Sello: Sonic Wave Records . 1984 Gabriela Rold\u00e1n y el Grupo Ivot\u00ed CD Sello: Microf\u00f3n 1984 Gabriela Rold\u00e1n y &hellip; <\/p>\n<div style=\"padding-top: 5px;\"><a class=\"link_leermas2\" href=\"http:\/\/www.gabrielaroldan.com.ar\/wp\/?page_id=56\">Continue reading <span class=\"meta-nav\">&rarr;<\/span><\/a><\/div>\n","protected":false},"author":1,"featured_media":0,"parent":0,"menu_order":0,"comment_status":"open","ping_status":"open","template":"","meta":[],"_links":{"self":[{"href":"http:\/\/www.gabrielaroldan.com.ar\/wp\/index.php?rest_route=\/wp\/v2\/pages\/56"}],"collection":[{"href":"http:\/\/www.gabrielaroldan.com.ar\/wp\/index.php?rest_route=\/wp\/v2\/pages"}],"about":[{"href":"http:\/\/www.gabrielaroldan.com.ar\/wp\/index.php?rest_route=\/wp\/v2\/types\/page"}],"author":[{"embeddable":true,"href":"http:\/\/www.gabrielaroldan.com.ar\/wp\/index.php?rest_route=\/wp\/v2\/users\/1"}],"replies":[{"embeddable":true,"href":"http:\/\/www.gabrielaroldan.com.ar\/wp\/index.php?rest_route=%2Fwp%2Fv2%2Fcomments&post=56"}],"version-history":[{"count":36,"href":"http:\/\/www.gabrielaroldan.com.ar\/wp\/index.php?rest_route=\/wp\/v2\/pages\/56\/revisions"}],"predecessor-version":[{"id":59,"href":"http:\/\/www.gabrielaroldan.com.ar\/wp\/index.php?rest_route=\/wp\/v2\/pages\/56\/revisions\/59"}],"wp:attachment":[{"href":"http:\/\/www.gabrielaroldan.com.ar\/wp\/index.php?rest_route=%2Fwp%2Fv2%2Fmedia&parent=56"}],"curies":[{"name":"wp","href":"https:\/\/api.w.org\/{rel}","templated":true}]}}