{"id":615,"date":"2016-12-20T21:40:40","date_gmt":"2016-12-20T21:40:40","guid":{"rendered":"http:\/\/www.gabrielaroldan.com.ar\/wp\/?page_id=615"},"modified":"2016-12-20T21:40:40","modified_gmt":"2016-12-20T21:40:40","slug":"discografia-6","status":"publish","type":"page","link":"http:\/\/www.gabrielaroldan.com.ar\/wp\/?page_id=615","title":{"rendered":"Discograf\u00eda"},"content":{"rendered":"<div class=\"disco3\">\n<div class=\"disco\">\n\t\t\t\t\t\t<img loading=\"lazy\" src=\"images\/disco5.jpg\" alt=\"\" width=\"233\" height=\"225\" border=\"0\">\n\t\t\t\t\t<\/div>\n<div class=\"disco_dato\">\n<div class=\"disco_gris\">2014<\/div>\n<div class=\"disco_azul\">Costera<\/div>\n<\/p><\/div>\n<div class=\"disco_linea\"> <\/div>\n<div class=\"disco_dato\">\n<div class=\"disco_gris\">CD<\/div>\n<div class=\"disco_gris\" style=\"width: 146px;\">Sello: EpsaMusic<\/div>\n<\/p><\/div>\n<div class=\"disco_tecnico\">\n                                                 <br \/>\n\t\t\t\t\t\tGrabado, editado y mezcaldo en estudios Sony Wave Records durante al a\u00f1o 2014.<\/p>\n<p>\t\t\t\t\t\tT\u00e9cnico de Grabaci\u00f3n Marcelo Cornut<br \/>\n\t\t\t\t\t\t<\/p>\n<p>\t\t\t\t\t\t<span class=\"bordo\"><strong>M\u00fasicos<\/strong><\/span><br \/>\n\t\t\t\t\t\tJos\u00e9 Luis Carnevale (guitarra)<br \/>\n\t\t\t\t\t\tGerardo Gonz\u00e1lez (bajo)<br \/>\n\t\t\t\t\t\tSebasti\u00e1n L\u00f3pez (bater\u00eda)<br \/>\nJuan Carlos Demartini (bater\u00eda)<\/p>\n<p>\t\t\t\t\t\t<span class=\"bordo\"><strong>Invitados de lujo:<\/strong><\/span><br \/>\n\t\t\t\t\t\tSilvina Cian (voz en el poema \u00abP\u00e1jaro\u00bb de Julio Migno)<br \/>\n\t\t\t\t\t\tMario Su\u00e1rez (voz en el tema \u00abLitorale\u00f1a\u00bb)<br \/>\nOsvaldo Lucero 8guitarra y bajo)<br \/>\nCarlos Toniatto (acorde\u00f3n)<br \/>\nJavier Colli (acorde\u00f2n)<br \/>\nValent\u00edn Mansilla (flauta traversa)<br \/>\nMario Spinosi (piano)<\/p><\/div>\n<\/p><\/div>\n<div id=\"disco_ficha\">\n<div class=\"disco_nro\">1<\/div>\n<div class=\"disco_pista\">Costera<\/div>\n<div class=\"disco_nro\">&nbsp; <\/div>\n<div class=\"disco_artistas\">(Ricardo Linares \/ Jos\u00e9 Vicente Cidade) polca<\/div>\n<div class=\"disco_sep353\">. <\/div>\n<div class=\"disco_nro\">2<\/div>\n<div class=\"disco_pista\">El cosechero<\/div>\n<div class=\"disco_nro\">&nbsp; <\/div>\n<div class=\"disco_artistas\">(Ram\u00f3n Ayala) Rasguido doble<\/div>\n<div class=\"disco_sep353\">. <\/div>\n<div class=\"disco_nro\">3<\/div>\n<div class=\"disco_pista\">Popurr\u00ed litorale\u00f1o<\/div>\n<div class=\"disco_nro\">&nbsp; <\/div>\n<div class=\"disco_artistas\"><strong>A mi Corrientes por\u00e1<\/strong> (Lito Bayardo \/ Eladio Mart\u00ednez)<\/div>\n<div class=\"disco_nro\">&nbsp; <\/div>\n<div class=\"disco_artistas\"> chamam\u00e9<\/div>\n<div class=\"disco_nro\">&nbsp; <\/div>\n<div class=\"disco_artistas\"><strong>Alama guaran\u00ed<\/strong> (Osvaldo Sosa Cordero \/ Damasio Esquivel)<\/div>\n<div class=\"disco_nro\">&nbsp; <\/div>\n<div class=\"disco_artistas\">polca<\/div>\n<div class=\"disco_sep353\"> .<\/div>\n<div class=\"disco_nro\">4<\/div>\n<div class=\"disco_pista\">Soy de Santa Fe<\/div>\n<div class=\"disco_nro\">&nbsp; <\/div>\n<div class=\"disco_artistas\">Gustavo Machado \/ J. M. Arnulphi) chamam\u00e9<\/div>\n<div class=\"disco_sep353\">. <\/div>\n<div class=\"disco_nro\">5<\/div>\n<div class=\"disco_pista\">Puerto S\u00e1nchez<\/div>\n<div class=\"disco_nro\">&nbsp; <\/div>\n<div class=\"disco_artistas\">(Jorge M\u00e9ndez) chamam\u00e9<\/div>\n<div class=\"disco_sep353\">. <\/div>\n<div class=\"disco_nro\">6<\/div>\n<div class=\"disco_pista\">La canoa<\/div>\n<div class=\"disco_nro\">&nbsp; <\/div>\n<div class=\"disco_artistas\">(Fabio Espinosa) resguido doble<\/div>\n<div class=\"disco_sep353\">. <\/div>\n<div class=\"disco_nro\">7<\/div>\n<div class=\"disco_pista\">Litorale\u00f1a<\/div>\n<div class=\"disco_nro\">&nbsp; <\/div>\n<div class=\"disco_artistas\">(Osvaldo Sosa Cordero \/ Florencio Gonz\u00e1lez) chamam&eacute;<\/div>\n<div class=\"disco_sep353\"> .<\/div>\n<div class=\"disco_nro\">8<\/div>\n<div class=\"disco_pista\">El r\u00edo vuelve<\/div>\n<div class=\"disco_nro\">&nbsp; <\/div>\n<div class=\"disco_artistas\">(Antonio Tarrag\u00f3 Ros) polca<\/div>\n<div class=\"disco_sep353\">. <\/div>\n<div class=\"disco_nro\">9<\/div>\n<div class=\"disco_pista\">Viejo Paran\u00e1<\/div>\n<div class=\"disco_nro\">&nbsp; <\/div>\n<div class=\"disco_artistas\">(Edgardo Romero Maciel \/ Alb\u00e9rico Mansilla) polca<\/div>\n<div class=\"disco_sep353\">. <\/div>\n<div class=\"disco_nro\">10<\/div>\n<div class=\"disco_pista\">Pasacalle del amor<\/div>\n<div class=\"disco_nro\">&nbsp; <\/div>\n<div class=\"disco_artistas\">(Daniel Toro) polca<\/div>\n<div class=\"disco_sep353\"> .<\/div>\n<div class=\"disco_nro\">11<\/div>\n<div class=\"disco_pista\">Carrero cachapecero<\/div>\n<div class=\"disco_nro\">&nbsp; <\/div>\n<div class=\"disco_artistas\">(Heraclio P\u00e9rez \/ Marcos Ram\u00edrez) chamam\u00e9<\/div>\n<div class=\"disco_sep353\">. <\/div>\n<div class=\"disco_nro\">12<\/div>\n<div class=\"disco_pista\">Jineteando la vida<\/div>\n<div class=\"disco_nro\">&nbsp; <\/div>\n<div class=\"disco_artistas\">(Antonio Tarrag\u00f3 Ros) chamam\u00e9<\/div>\n<div class=\"disco_sep353\">. <\/div>\n<div style=\"width: 353px; height: 3px;\"><\/div>\n<div class=\"disco_nro\">&nbsp; <\/div>\n<div class=\"disco_artistas\">BONUS TRACK<\/div>\n<div class=\"disco_nro\">13<\/div>\n<div class=\"disco_pista\">Selecci\u00f3n de carnavalitos<\/div>\n<div class=\"disco_nro\">&nbsp; <\/div>\n<div class=\"disco_artistas\"><strong>Vuela una l\u00e1grima<\/strong> (Alberto Plaza)<\/div>\n<div class=\"disco_nro\">&nbsp; <\/div>\n<div class=\"disco_artistas\"><strong>Ojos de cielo \/ Sube, sube<\/strong> (V\u00edctor Heredia)<\/div>\n<div class=\"disco_sep353\">. <\/div>\n<\/p><\/div>\n","protected":false},"excerpt":{"rendered":"<p>2014 Costera CD Sello: EpsaMusic Grabado, editado y mezcaldo en estudios Sony Wave Records durante al a\u00f1o 2014. T\u00e9cnico de Grabaci\u00f3n Marcelo Cornut M\u00fasicos Jos\u00e9 Luis Carnevale (guitarra) Gerardo Gonz\u00e1lez (bajo) Sebasti\u00e1n L\u00f3pez (bater\u00eda) Juan Carlos Demartini (bater\u00eda) Invitados de &hellip; <\/p>\n<div style=\"padding-top: 5px;\"><a class=\"link_leermas2\" href=\"http:\/\/www.gabrielaroldan.com.ar\/wp\/?page_id=615\">Continue reading <span class=\"meta-nav\">&rarr;<\/span><\/a><\/div>\n","protected":false},"author":1,"featured_media":0,"parent":0,"menu_order":0,"comment_status":"open","ping_status":"open","template":"","meta":[],"_links":{"self":[{"href":"http:\/\/www.gabrielaroldan.com.ar\/wp\/index.php?rest_route=\/wp\/v2\/pages\/615"}],"collection":[{"href":"http:\/\/www.gabrielaroldan.com.ar\/wp\/index.php?rest_route=\/wp\/v2\/pages"}],"about":[{"href":"http:\/\/www.gabrielaroldan.com.ar\/wp\/index.php?rest_route=\/wp\/v2\/types\/page"}],"author":[{"embeddable":true,"href":"http:\/\/www.gabrielaroldan.com.ar\/wp\/index.php?rest_route=\/wp\/v2\/users\/1"}],"replies":[{"embeddable":true,"href":"http:\/\/www.gabrielaroldan.com.ar\/wp\/index.php?rest_route=%2Fwp%2Fv2%2Fcomments&post=615"}],"version-history":[{"count":7,"href":"http:\/\/www.gabrielaroldan.com.ar\/wp\/index.php?rest_route=\/wp\/v2\/pages\/615\/revisions"}],"predecessor-version":[{"id":622,"href":"http:\/\/www.gabrielaroldan.com.ar\/wp\/index.php?rest_route=\/wp\/v2\/pages\/615\/revisions\/622"}],"wp:attachment":[{"href":"http:\/\/www.gabrielaroldan.com.ar\/wp\/index.php?rest_route=%2Fwp%2Fv2%2Fmedia&parent=615"}],"curies":[{"name":"wp","href":"https:\/\/api.w.org\/{rel}","templated":true}]}}