{"id":78,"date":"2011-05-27T04:42:06","date_gmt":"2011-05-27T04:42:06","guid":{"rendered":"http:\/\/www.semadg.com.ar\/gaby\/?page_id=78"},"modified":"2025-05-27T17:25:09","modified_gmt":"2025-05-27T17:25:09","slug":"videos","status":"publish","type":"page","link":"http:\/\/www.gabrielaroldan.com.ar\/wp\/?page_id=78","title":{"rendered":"Videos"},"content":{"rendered":"\n<div style=\"width: 100%; height: 30px;\">&nbsp;<\/div>\n<div>\n<div class=\"tit_video\"> 37\u00ba Festival Folkl\u00f3rico del Pescador 2023<br><span class=\"copete2\">Recital Completo<\/span><\/div>\n<div class=\"video\"><iframe loading=\"lazy\" src=\"\/\/www.youtube.com\/embed\/B2NSI5NWT2E\" width=\"578\" height=\"325\" frameborder=\"0\" allowfullscreen=\"allowfullscreen\"><\/iframe><\/div>\n<div class=\"video_sep\">.<\/div>\n<\/div>\n\n<div style=\"width: 100%; height: 30px;\">&nbsp;<\/div>\n<div>\n<div class=\"tit_video\">34\u00b0 Fiesta Nacional del Chamam\u00e9 <br><span class=\"copete2\">2025 &#8211; Corrientes<\/span><\/div>\n<div class=\"video\"><iframe loading=\"lazy\" src=\"\/\/www.youtube.com\/embed\/HY2_rvgfOPc\" width=\"578\" height=\"325\" frameborder=\"0\" allowfullscreen=\"allowfullscreen\"><\/iframe><\/div>\n<div class=\"video_sep\">.<\/div>\n<\/div>\n\n<div style=\"width: 100%; height: 30px;\">&nbsp;<\/div>\n<div>\n<div class=\"tit_video\">Nunca te olvid\u00e9 &#8211; En vivo junto a la Banda Sinf\u00f3nica de Santa Fe<br><span class=\"copete2\">(Antonio Tarrag\u00f3 Ros)<\/span><\/div>\n<div class=\"video\"><iframe loading=\"lazy\" src=\"\/\/www.youtube.com\/embed\/tcbn8X72m_4\" width=\"578\" height=\"325\" frameborder=\"0\" allowfullscreen=\"allowfullscreen\"><\/iframe><\/div>\n<div class=\"video_sep\">.<\/div>\n<\/div>\n<div style=\"width: 100%; height: 30px;\">&nbsp;<\/div>\n<div>\n<div class=\"tit_video\">Siesta Islera<br><span class=\"copete2\">(Gustavo Machado &#8211; Mario Suarez)<\/span><\/div>\n<div class=\"video\"><iframe loading=\"lazy\" src=\"\/\/www.youtube.com\/embed\/kzYyez1k7WE\" width=\"578\" height=\"325\" frameborder=\"0\" allowfullscreen=\"allowfullscreen\"><\/iframe><\/div>\n<div class=\"video_sep\">.<\/div>\n<\/div>\n<div>\n<div class=\"tit_video\">Cantor Pueblero<br><span class=\"copete2\">(Gustavo Machado &#8211; Mario Suarez)<\/span><\/div>\n<div class=\"video\"><iframe loading=\"lazy\" src=\"\/\/www.youtube.com\/embed\/XWNba5zhJdM\" width=\"578\" height=\"325\" frameborder=\"0\" allowfullscreen=\"allowfullscreen\"><\/iframe><\/div>\n<div class=\"video_sep\">.<\/div>\n<\/div>\n<div>\n<div class=\"tit_video\">Canoa<br><span class=\"copete2\">Rasguido Doble. Autor: De Fabio<\/span><\/div>\n<div class=\"video\"><iframe loading=\"lazy\" src=\"\/\/www.youtube.com\/embed\/lReYSPP97yA\" width=\"578\" height=\"325\" frameborder=\"0\" allowfullscreen=\"allowfullscreen\"><\/iframe><\/div>\n<div class=\"video_sep\">.<\/div>\n<\/div>\n<div style=\"text-indent: -9999px; width: 500px; height: 24px;\">.<\/div>\n<div>\n<div class=\"tit_video\">Costera &#8211; en vivo<br><span class=\"copete2\">Festival de Guadalupe 2016 <\/span><\/div>\n<div class=\"video\"><iframe loading=\"lazy\" src=\"\/\/www.youtube.com\/embed\/u4CeZILXX34\" width=\"578\" height=\"325\" frameborder=\"0\" allowfullscreen=\"allowfullscreen\"><\/iframe><\/div>\n<div class=\"video_sep\">.<\/div>\n<\/div>\n<div>\n<div class=\"tit_video\">El cosechero &#8211; en vivo<br><span class=\"copete2\">Festival de Guadalupe 2016 <\/span><\/div>\n<div class=\"video\"><iframe loading=\"lazy\" src=\"\/\/www.youtube.com\/embed\/slcFXE2DzbI\" width=\"578\" height=\"325\" frameborder=\"0\" allowfullscreen=\"allowfullscreen\"><\/iframe><\/div>\n<div class=\"video_sep\">.<\/div>\n<\/div>\n<div>\n<div class=\"tit_video\">Gaby y la Sole<br><span class=\"copete2\">Lucerito Alba <\/span><\/div>\n<div class=\"video\"><iframe loading=\"lazy\" src=\"\/\/www.youtube.com\/embed\/mf-2SldMGFw\" width=\"578\" height=\"325\" frameborder=\"0\" allowfullscreen=\"allowfullscreen\"><\/iframe><\/div>\n<div class=\"video_sep\">.<\/div>\n<\/div>\n<div style=\"text-indent: -9999px; width: 500px; height: 24px;\">.<\/div>\n<div>\n<div class=\"tit_video\">Gaby y la Sole<br><span class=\"copete2\">Punta Cayast\u00e1<\/span><\/div>\n<div class=\"video\"><iframe loading=\"lazy\" src=\"\/\/www.youtube.com\/embed\/DHkMJ3PKFQ8\" width=\"578\" height=\"325\" frameborder=\"0\" allowfullscreen=\"allowfullscreen\"><\/iframe><\/div>\n<div class=\"video_sep\">.<\/div>\n<\/div>\n<div>\n<div class=\"tit_video\">Santafesina<\/div>\n<div class=\"video\"><iframe loading=\"lazy\" src=\"http:\/\/www.youtube.com\/embed\/Pr9_47MZR6E\" width=\"578\" height=\"434\" frameborder=\"0\" allowfullscreen=\"allowfullscreen\"><\/iframe><\/div>\n<div class=\"video_sep\">.<\/div>\n<\/div>\n<div>\n<div class=\"tit_video\">Canto islero<br><span class=\"copete2\">Presentaci\u00f3n disco Santafesina<\/span><\/div>\n<div class=\"video\"><object style=\"height: 467px; width: 578px;\" width=\"300\" height=\"150\"><param name=\"movie\" value=\"http:\/\/www.youtube.com\/v\/23ugCLDZaW8?version=3\"><param name=\"allowFullScreen\" value=\"true\"><param name=\"allowScriptAccess\" value=\"always\"><embed src=\"http:\/\/www.youtube.com\/v\/23ugCLDZaW8?version=3\" type=\"application\/x-shockwave-flash\" allowfullscreen=\"allowfullscreen\" allowscriptaccess=\"always\" width=\"578\" height=\"467\"><\/object><\/div>\n<div class=\"video_sep\">.<\/div>\n<\/div>\n<div>\n<div class=\"tit_video\">Esper\u00e1ndote<br><span class=\"copete2\">Presentaci\u00f3n disco Santafesina<\/span><\/div>\n<div class=\"video\"><object style=\"height: 467px; width: 578px;\" width=\"300\" height=\"150\"><param name=\"movie\" value=\"http:\/\/www.youtube.com\/v\/bKutpyWSVWk?version=3\"><param name=\"allowFullScreen\" value=\"true\"><param name=\"allowScriptAccess\" value=\"always\"><embed src=\"http:\/\/www.youtube.com\/v\/bKutpyWSVWk?version=3\" type=\"application\/x-shockwave-flash\" allowfullscreen=\"allowfullscreen\" allowscriptaccess=\"always\" width=\"578\" height=\"467\"><\/object><\/div>\n<div class=\"video_sep\">.<\/div>\n<\/div>\n<div>\n<div class=\"tit_video\">Alfonsina y el mar<br><span class=\"copete2\">en Argentinisima, de Julio Marbiz, por Cr\u00f3nica TV<\/span><\/div>\n<div class=\"video\"><object width=\"578\" height=\"467\"><param name=\"movie\" value=\"http:\/\/www.youtube.com\/v\/iVQ5Dakrjfk?fs=1&amp;hl=es_ES\"><param name=\"allowFullScreen\" value=\"true\"><param name=\"allowscriptaccess\" value=\"always\"><embed src=\"http:\/\/www.youtube.com\/v\/iVQ5Dakrjfk?fs=1&amp;hl=es_ES\" type=\"application\/x-shockwave-flash\" allowscriptaccess=\"always\" allowfullscreen=\"allowfullscreen\" width=\"578\" height=\"467\"><\/object><\/div>\n<div class=\"video_sep\">.<\/div>\n<\/div>\n<div>\n<div class=\"tit_video\">Ecos de mi tierra<br><span class=\"copete2\">Canal 7<\/span><\/div>\n<div class=\"video\"><object style=\"height: 467px; width: 578px;\" width=\"300\" height=\"150\"><param name=\"movie\" value=\"http:\/\/www.youtube.com\/v\/vV50MFVR0Ig?version=3\"><param name=\"allowFullScreen\" value=\"true\"><param name=\"allowScriptAccess\" value=\"always\"><embed src=\"http:\/\/www.youtube.com\/v\/vV50MFVR0Ig?version=3\" type=\"application\/x-shockwave-flash\" allowfullscreen=\"allowfullscreen\" allowscriptaccess=\"always\" width=\"578\" height=\"467\"><\/object><\/div>\n<div class=\"video_sep\">.<\/div>\n<\/div>\n","protected":false},"excerpt":{"rendered":"<p>&nbsp; 37\u00ba Festival Folkl\u00f3rico del Pescador 2023Recital Completo . &nbsp; 34\u00b0 Fiesta Nacional del Chamam\u00e9 2025 &#8211; Corrientes . &nbsp; Nunca te olvid\u00e9 &#8211; En vivo junto a la Banda Sinf\u00f3nica de Santa Fe(Antonio Tarrag\u00f3 Ros) . &nbsp; Siesta Islera(Gustavo &hellip; <\/p>\n<div style=\"padding-top: 5px;\"><a class=\"link_leermas2\" href=\"http:\/\/www.gabrielaroldan.com.ar\/wp\/?page_id=78\">Continue reading <span class=\"meta-nav\">&rarr;<\/span><\/a><\/div>\n","protected":false},"author":1,"featured_media":0,"parent":0,"menu_order":0,"comment_status":"open","ping_status":"open","template":"","meta":[],"_links":{"self":[{"href":"http:\/\/www.gabrielaroldan.com.ar\/wp\/index.php?rest_route=\/wp\/v2\/pages\/78"}],"collection":[{"href":"http:\/\/www.gabrielaroldan.com.ar\/wp\/index.php?rest_route=\/wp\/v2\/pages"}],"about":[{"href":"http:\/\/www.gabrielaroldan.com.ar\/wp\/index.php?rest_route=\/wp\/v2\/types\/page"}],"author":[{"embeddable":true,"href":"http:\/\/www.gabrielaroldan.com.ar\/wp\/index.php?rest_route=\/wp\/v2\/users\/1"}],"replies":[{"embeddable":true,"href":"http:\/\/www.gabrielaroldan.com.ar\/wp\/index.php?rest_route=%2Fwp%2Fv2%2Fcomments&post=78"}],"version-history":[{"count":64,"href":"http:\/\/www.gabrielaroldan.com.ar\/wp\/index.php?rest_route=\/wp\/v2\/pages\/78\/revisions"}],"predecessor-version":[{"id":996,"href":"http:\/\/www.gabrielaroldan.com.ar\/wp\/index.php?rest_route=\/wp\/v2\/pages\/78\/revisions\/996"}],"wp:attachment":[{"href":"http:\/\/www.gabrielaroldan.com.ar\/wp\/index.php?rest_route=%2Fwp%2Fv2%2Fmedia&parent=78"}],"curies":[{"name":"wp","href":"https:\/\/api.w.org\/{rel}","templated":true}]}}